{"id":523,"date":"2019-11-08T04:44:22","date_gmt":"2019-11-08T09:44:22","guid":{"rendered":"https:\/\/www.boistraites-sc.com\/?page_id=523"},"modified":"2020-03-18T10:53:34","modified_gmt":"2020-03-18T14:53:34","slug":"information-to-retailers","status":"publish","type":"page","link":"https:\/\/www.boistraites-sc.com\/en\/information-to-retailers\/","title":{"rendered":"Information to retailers"},"content":{"rendered":"<h2>Informations aux d\u00e9taillants<\/h2>\n<p><a href=\"https:\/\/www.boistraites-sc.com\/wp-content\/uploads\/2019\/04\/bois-traite-sc-bois-traite-designwood.pdf\" target=\"_blank\" rel=\"noopener noreferrer\"><img decoding=\"async\" class=\"image-pdf\" src=\"\/wp-content\/themes\/boisrelie\/images\/pdf-3.png\" alt=\"blank\" \/>Dimensions disponibles pour le bois trait\u00e9 DesignWood<\/a><\/p>\n<p><a href=\"https:\/\/www.boistraites-sc.com\/wp-content\/uploads\/2019\/04\/boistraite-sc-bois-traite-vert.pdf\" target=\"_blank\" rel=\"noopener noreferrer\"><img decoding=\"async\" class=\"image-pdf\" src=\"\/wp-content\/themes\/boisrelie\/images\/pdf-3.png\" alt=\"blank\" \/>Dimensions disponibles pour le bois trait\u00e9 vert<\/a><\/p>\n<p><a href=\"https:\/\/www.boistraites-sc.com\/wp-content\/uploads\/2019\/04\/bois-traite-sc-accessoires-designwood.pdf\" target=\"_blank\" rel=\"noopener noreferrer\"><img decoding=\"async\" class=\"image-pdf\" src=\"\/wp-content\/themes\/boisrelie\/images\/pdf-3.png\" alt=\"blank\" \/>Dimensions disponibles pour les accessoires DesignWood<\/a><\/p>\n<p><a href=\"https:\/\/www.boistraites-sc.com\/wp-content\/uploads\/2019\/04\/bois-traite-sc-accessoires-acq-vert.pdf\" target=\"_blank\" rel=\"noopener noreferrer\"><img decoding=\"async\" class=\"image-pdf\" src=\"\/wp-content\/themes\/boisrelie\/images\/pdf-3.png\" alt=\"blank\" \/>Dimensions disponibles pour les accessoires ACQ vert<\/a><\/p>\n","protected":false},"excerpt":{"rendered":"<p>Informations aux d\u00e9taillants Dimensions disponibles pour le bois trait\u00e9 DesignWood Dimensions disponibles pour le bois trait\u00e9 vert Dimensions disponibles pour les accessoires DesignWood Dimensions disponibles pour les accessoires ACQ vert<\/p>\n","protected":false},"author":1,"featured_media":0,"parent":0,"menu_order":0,"comment_status":"closed","ping_status":"closed","template":"page_full.php","meta":{"_acf_changed":false,"footnotes":""},"class_list":["post-523","page","type-page","status-publish","hentry"],"acf":[],"_links":{"self":[{"href":"https:\/\/www.boistraites-sc.com\/en\/wp-json\/wp\/v2\/pages\/523","targetHints":{"allow":["GET"]}}],"collection":[{"href":"https:\/\/www.boistraites-sc.com\/en\/wp-json\/wp\/v2\/pages"}],"about":[{"href":"https:\/\/www.boistraites-sc.com\/en\/wp-json\/wp\/v2\/types\/page"}],"author":[{"embeddable":true,"href":"https:\/\/www.boistraites-sc.com\/en\/wp-json\/wp\/v2\/users\/1"}],"replies":[{"embeddable":true,"href":"https:\/\/www.boistraites-sc.com\/en\/wp-json\/wp\/v2\/comments?post=523"}],"version-history":[{"count":2,"href":"https:\/\/www.boistraites-sc.com\/en\/wp-json\/wp\/v2\/pages\/523\/revisions"}],"predecessor-version":[{"id":672,"href":"https:\/\/www.boistraites-sc.com\/en\/wp-json\/wp\/v2\/pages\/523\/revisions\/672"}],"wp:attachment":[{"href":"https:\/\/www.boistraites-sc.com\/en\/wp-json\/wp\/v2\/media?parent=523"}],"curies":[{"name":"wp","href":"https:\/\/api.w.org\/{rel}","templated":true}]}}